{"id":51,"date":"2023-02-03T14:42:12","date_gmt":"2023-02-03T13:42:12","guid":{"rendered":"http:\/\/idhstba.cluster029.hosting.ovh.net\/?page_id=51"},"modified":"2023-02-28T07:17:14","modified_gmt":"2023-02-28T06:17:14","slug":"brasserie","status":"publish","type":"page","link":"https:\/\/brasserieducriou.com\/index.php\/brasserie\/","title":{"rendered":"Notre brasserie"},"content":{"rendered":"\t\t<div data-elementor-type=\"wp-page\" data-elementor-id=\"51\" class=\"elementor elementor-51\">\n\t\t\t\t\t\t<section class=\"elementor-section elementor-top-section elementor-element elementor-element-e186eab elementor-section-boxed elementor-section-height-default elementor-section-height-default\" data-id=\"e186eab\" data-element_type=\"section\" data-e-type=\"section\">\n\t\t\t\t\t\t<div class=\"elementor-container elementor-column-gap-default\">\n\t\t\t\t\t<div class=\"elementor-column elementor-col-66 elementor-top-column elementor-element elementor-element-a7deb3e\" data-id=\"a7deb3e\" data-element_type=\"column\" data-e-type=\"column\">\n\t\t\t<div class=\"elementor-widget-wrap elementor-element-populated\">\n\t\t\t\t\t\t<div class=\"elementor-element elementor-element-9087e6e elementor-arrows-position-inside elementor-pagination-position-outside elementor-widget elementor-widget-image-carousel\" data-id=\"9087e6e\" data-element_type=\"widget\" data-e-type=\"widget\" data-settings=\"{&quot;slides_to_show&quot;:&quot;1&quot;,&quot;navigation&quot;:&quot;both&quot;,&quot;autoplay&quot;:&quot;yes&quot;,&quot;pause_on_hover&quot;:&quot;yes&quot;,&quot;pause_on_interaction&quot;:&quot;yes&quot;,&quot;autoplay_speed&quot;:5000,&quot;infinite&quot;:&quot;yes&quot;,&quot;effect&quot;:&quot;slide&quot;,&quot;speed&quot;:500}\" data-widget_type=\"image-carousel.default\">\n\t\t\t\t<div class=\"elementor-widget-container\">\n\t\t\t\t\t\t\t<div class=\"elementor-image-carousel-wrapper swiper\" role=\"region\" aria-roledescription=\"carousel\" aria-label=\"Carrousel d\u2019images\" dir=\"ltr\">\n\t\t\t<div class=\"elementor-image-carousel swiper-wrapper\" aria-live=\"off\">\n\t\t\t\t\t\t\t\t<div class=\"swiper-slide\" role=\"group\" aria-roledescription=\"slide\" aria-label=\"1 sur 10\"><figure class=\"swiper-slide-inner\"><img decoding=\"async\" class=\"swiper-slide-image\" src=\"https:\/\/brasserieducriou.com\/wp-content\/uploads\/2023\/02\/IMG_4409-600x600.jpg\" alt=\"Ajout de c\u00e9r\u00e9ales\" \/><figcaption class=\"elementor-image-carousel-caption\">Ajout de c\u00e9r\u00e9ales<\/figcaption><\/figure><\/div><div class=\"swiper-slide\" role=\"group\" aria-roledescription=\"slide\" aria-label=\"2 sur 10\"><figure class=\"swiper-slide-inner\"><img decoding=\"async\" class=\"swiper-slide-image\" src=\"https:\/\/brasserieducriou.com\/wp-content\/uploads\/2023\/02\/IMG_4454-600x600.jpg\" alt=\"Ajout de c\u00e9r\u00e9ales\" \/><figcaption class=\"elementor-image-carousel-caption\">Ajout de c\u00e9r\u00e9ales<\/figcaption><\/figure><\/div><div class=\"swiper-slide\" role=\"group\" aria-roledescription=\"slide\" aria-label=\"3 sur 10\"><figure class=\"swiper-slide-inner\"><img decoding=\"async\" class=\"swiper-slide-image\" src=\"https:\/\/brasserieducriou.com\/wp-content\/uploads\/2023\/02\/IMG_4499-600x600.jpg\" alt=\"Brassage\" \/><figcaption class=\"elementor-image-carousel-caption\">Brassage<\/figcaption><\/figure><\/div><div class=\"swiper-slide\" role=\"group\" aria-roledescription=\"slide\" aria-label=\"4 sur 10\"><figure class=\"swiper-slide-inner\"><img decoding=\"async\" class=\"swiper-slide-image\" src=\"https:\/\/brasserieducriou.com\/wp-content\/uploads\/2023\/02\/IMG_4549-600x600.jpg\" alt=\"Rin\u00e7age\" \/><figcaption class=\"elementor-image-carousel-caption\">Rin\u00e7age<\/figcaption><\/figure><\/div><div class=\"swiper-slide\" role=\"group\" aria-roledescription=\"slide\" aria-label=\"5 sur 10\"><figure class=\"swiper-slide-inner\"><img decoding=\"async\" class=\"swiper-slide-image\" src=\"https:\/\/brasserieducriou.com\/wp-content\/uploads\/2023\/02\/IMG_4553-600x600.jpg\" alt=\"Transfert en cuve d&#039;\u00e9bullition\" \/><figcaption class=\"elementor-image-carousel-caption\">Transfert en cuve d'\u00e9bullition <\/figcaption><\/figure><\/div><div class=\"swiper-slide\" role=\"group\" aria-roledescription=\"slide\" aria-label=\"6 sur 10\"><figure class=\"swiper-slide-inner\"><img decoding=\"async\" class=\"swiper-slide-image\" src=\"https:\/\/brasserieducriou.com\/wp-content\/uploads\/2023\/02\/IMG_4618-600x600.jpg\" alt=\"On vide les dr\u00e8ches !\" \/><figcaption class=\"elementor-image-carousel-caption\">On vide les dr\u00e8ches !<\/figcaption><\/figure><\/div><div class=\"swiper-slide\" role=\"group\" aria-roledescription=\"slide\" aria-label=\"7 sur 10\"><figure class=\"swiper-slide-inner\"><img decoding=\"async\" class=\"swiper-slide-image\" src=\"https:\/\/brasserieducriou.com\/wp-content\/uploads\/2023\/02\/IMG_4646-600x600.jpg\" alt=\"Remise en place apr\u00e8s nettoyage\" \/><figcaption class=\"elementor-image-carousel-caption\">Remise en place apr\u00e8s nettoyage<\/figcaption><\/figure><\/div><div class=\"swiper-slide\" role=\"group\" aria-roledescription=\"slide\" aria-label=\"8 sur 10\"><figure class=\"swiper-slide-inner\"><img decoding=\"async\" class=\"swiper-slide-image\" src=\"https:\/\/brasserieducriou.com\/wp-content\/uploads\/2023\/02\/IMG_4683-600x600.jpg\" alt=\"Ebullition\" \/><figcaption class=\"elementor-image-carousel-caption\">Ebullition<\/figcaption><\/figure><\/div><div class=\"swiper-slide\" role=\"group\" aria-roledescription=\"slide\" aria-label=\"9 sur 10\"><figure class=\"swiper-slide-inner\"><img decoding=\"async\" class=\"swiper-slide-image\" src=\"https:\/\/brasserieducriou.com\/wp-content\/uploads\/2023\/02\/IMG_4662-600x600.jpg\" alt=\"Ebullition\" \/><figcaption class=\"elementor-image-carousel-caption\">Ebullition <\/figcaption><\/figure><\/div><div class=\"swiper-slide\" role=\"group\" aria-roledescription=\"slide\" aria-label=\"10 sur 10\"><figure class=\"swiper-slide-inner\"><img decoding=\"async\" class=\"swiper-slide-image\" src=\"https:\/\/brasserieducriou.com\/wp-content\/uploads\/2023\/02\/IMG_4700-600x600.jpg\" alt=\"Fermentation\" \/><figcaption class=\"elementor-image-carousel-caption\">Fermentation<\/figcaption><\/figure><\/div>\t\t\t<\/div>\n\t\t\t\t\t\t\t\t\t\t\t\t<div class=\"elementor-swiper-button elementor-swiper-button-prev\" role=\"button\" tabindex=\"0\">\n\t\t\t\t\t\t<i aria-hidden=\"true\" class=\"eicon-chevron-left\"><\/i>\t\t\t\t\t<\/div>\n\t\t\t\t\t<div class=\"elementor-swiper-button elementor-swiper-button-next\" role=\"button\" tabindex=\"0\">\n\t\t\t\t\t\t<i aria-hidden=\"true\" class=\"eicon-chevron-right\"><\/i>\t\t\t\t\t<\/div>\n\t\t\t\t\n\t\t\t\t\t\t\t\t\t<div class=\"swiper-pagination\"><\/div>\n\t\t\t\t\t\t\t\t\t<\/div>\n\t\t\t\t\t\t<\/div>\n\t\t\t\t<\/div>\n\t\t\t\t\t<\/div>\n\t\t<\/div>\n\t\t\t\t<div class=\"elementor-column elementor-col-33 elementor-top-column elementor-element elementor-element-6dd0cba\" data-id=\"6dd0cba\" data-element_type=\"column\" data-e-type=\"column\">\n\t\t\t<div class=\"elementor-widget-wrap elementor-element-populated\">\n\t\t\t\t\t\t<div class=\"elementor-element elementor-element-cc78d06 elementor-widget elementor-widget-text-editor\" data-id=\"cc78d06\" data-element_type=\"widget\" data-e-type=\"widget\" data-widget_type=\"text-editor.default\">\n\t\t\t\t<div class=\"elementor-widget-container\">\n\t\t\t\t\t\t\t\t\t<h2 style=\"font-variant-ligatures: normal; font-variant-caps: normal; font-family: Helvetica, sans-serif; font-size: 29px; font-style: normal; font-weight: 500; text-transform: uppercase; -webkit-text-stroke: 1px #000000; stroke-width: 1px; stroke: #000000; text-align: center;\" data-elementor-setting-key=\"title\" data-pen-placeholder=\"\u00c9crivez ici...\">EN MODE BRASSAGe<\/h2><div>L&rsquo;\u00e9tape cl\u00e9 de la fabrication !<br \/>Ce moment o\u00f9 l&rsquo;eau de nos montagnes rencontre les c\u00e9r\u00e9ales.<br \/>La chaleur de l&#8217;empatage nous permet d&rsquo;en extraire les sucres. Nous ajoutons ensuite les houblons lors de l&rsquo;\u00e9bullition.<br \/>C&rsquo;est ensuite que nos amies les levures, qui sont tr\u00e8s pr\u00e9cis\u00e9ment s\u00e9lectionn\u00e9es, vont nous venir en aide pour la fermentation. Elles vont petit \u00e0 petit dig\u00e9r\u00e9es les sucres extraits pour cr\u00e9er de l&rsquo;alcool.\u00a0<\/div><div>\u00a0<\/div>\t\t\t\t\t\t\t\t<\/div>\n\t\t\t\t<\/div>\n\t\t\t\t\t<\/div>\n\t\t<\/div>\n\t\t\t\t\t<\/div>\n\t\t<\/section>\n\t\t\t\t<section class=\"elementor-section elementor-top-section elementor-element elementor-element-7767dfd elementor-section-boxed elementor-section-height-default elementor-section-height-default\" data-id=\"7767dfd\" data-element_type=\"section\" data-e-type=\"section\">\n\t\t\t\t\t\t<div class=\"elementor-container elementor-column-gap-default\">\n\t\t\t\t\t<div class=\"elementor-column elementor-col-33 elementor-top-column elementor-element elementor-element-f42280f\" data-id=\"f42280f\" data-element_type=\"column\" data-e-type=\"column\">\n\t\t\t<div class=\"elementor-widget-wrap elementor-element-populated\">\n\t\t\t\t\t\t<div class=\"elementor-element elementor-element-c57718c elementor-invisible elementor-widget elementor-widget-text-editor\" data-id=\"c57718c\" data-element_type=\"widget\" data-e-type=\"widget\" data-settings=\"{&quot;_animation&quot;:&quot;fadeInLeft&quot;}\" data-widget_type=\"text-editor.default\">\n\t\t\t\t<div class=\"elementor-widget-container\">\n\t\t\t\t\t\t\t\t\t<h2 style=\"font-variant-ligatures: normal; font-variant-caps: normal; font-family: Helvetica, sans-serif; font-size: 29px; font-style: normal; font-weight: 500; text-transform: uppercase; -webkit-text-stroke: 1px #000000; stroke-width: 1px; stroke: #000000; text-align: center;\" data-elementor-setting-key=\"title\" data-pen-placeholder=\"\u00c9crivez ici...\">EN MODE EMBOUTEILLAGE<\/h2><div>\u00a0<\/div><div>Voici un aper\u00e7u de nos postes de travail lors d&rsquo;une session d&#8217;embouteillage.<br \/>Nous avons pens\u00e9 la brasserie de mani\u00e8re \u00e0 pouvoir passer simplement du brassage \u00e0 l&#8217;embouteillage.<\/div><div>\u00a0<\/div><div>\u00a0<\/div><div>\u00a0<\/div>\t\t\t\t\t\t\t\t<\/div>\n\t\t\t\t<\/div>\n\t\t\t\t\t<\/div>\n\t\t<\/div>\n\t\t\t\t<div class=\"elementor-column elementor-col-66 elementor-top-column elementor-element elementor-element-efad452\" data-id=\"efad452\" data-element_type=\"column\" data-e-type=\"column\">\n\t\t\t<div class=\"elementor-widget-wrap elementor-element-populated\">\n\t\t\t\t\t\t<div class=\"elementor-element elementor-element-43ce020 elementor-arrows-position-inside elementor-pagination-position-outside elementor-widget elementor-widget-image-carousel\" data-id=\"43ce020\" data-element_type=\"widget\" data-e-type=\"widget\" data-settings=\"{&quot;slides_to_show&quot;:&quot;1&quot;,&quot;navigation&quot;:&quot;both&quot;,&quot;autoplay&quot;:&quot;yes&quot;,&quot;pause_on_hover&quot;:&quot;yes&quot;,&quot;pause_on_interaction&quot;:&quot;yes&quot;,&quot;autoplay_speed&quot;:5000,&quot;infinite&quot;:&quot;yes&quot;,&quot;effect&quot;:&quot;slide&quot;,&quot;speed&quot;:500}\" data-widget_type=\"image-carousel.default\">\n\t\t\t\t<div class=\"elementor-widget-container\">\n\t\t\t\t\t\t\t<div class=\"elementor-image-carousel-wrapper swiper\" role=\"region\" aria-roledescription=\"carousel\" aria-label=\"Carrousel d\u2019images\" dir=\"ltr\">\n\t\t\t<div class=\"elementor-image-carousel swiper-wrapper\" aria-live=\"off\">\n\t\t\t\t\t\t\t\t<div class=\"swiper-slide\" role=\"group\" aria-roledescription=\"slide\" aria-label=\"1 sur 5\"><figure class=\"swiper-slide-inner\"><img decoding=\"async\" class=\"swiper-slide-image\" src=\"https:\/\/brasserieducriou.com\/wp-content\/uploads\/2023\/02\/IMG_3982-600x600.jpg\" alt=\"Pr\u00e9paration bouteilles\" \/><figcaption class=\"elementor-image-carousel-caption\">Pr\u00e9paration bouteilles<\/figcaption><\/figure><\/div><div class=\"swiper-slide\" role=\"group\" aria-roledescription=\"slide\" aria-label=\"2 sur 5\"><figure class=\"swiper-slide-inner\"><img decoding=\"async\" class=\"swiper-slide-image\" src=\"https:\/\/brasserieducriou.com\/wp-content\/uploads\/2023\/02\/IMG_3909-600x600.jpg\" alt=\"Rin\u00e7age et \u00e9tiquetage\" \/><figcaption class=\"elementor-image-carousel-caption\">Rin\u00e7age et \u00e9tiquetage<\/figcaption><\/figure><\/div><div class=\"swiper-slide\" role=\"group\" aria-roledescription=\"slide\" aria-label=\"3 sur 5\"><figure class=\"swiper-slide-inner\"><img decoding=\"async\" class=\"swiper-slide-image\" src=\"https:\/\/brasserieducriou.com\/wp-content\/uploads\/2023\/02\/IMG_4175-scaled.jpg\" alt=\"Remplissage\" \/><figcaption class=\"elementor-image-carousel-caption\">Remplissage<\/figcaption><\/figure><\/div><div class=\"swiper-slide\" role=\"group\" aria-roledescription=\"slide\" aria-label=\"4 sur 5\"><figure class=\"swiper-slide-inner\"><img decoding=\"async\" class=\"swiper-slide-image\" src=\"https:\/\/brasserieducriou.com\/wp-content\/uploads\/2023\/02\/IMG_3922-600x600.jpg\" alt=\"Capsulage\" \/><figcaption class=\"elementor-image-carousel-caption\">Capsulage<\/figcaption><\/figure><\/div><div class=\"swiper-slide\" role=\"group\" aria-roledescription=\"slide\" aria-label=\"5 sur 5\"><figure class=\"swiper-slide-inner\"><img decoding=\"async\" class=\"swiper-slide-image\" src=\"https:\/\/brasserieducriou.com\/wp-content\/uploads\/2023\/02\/IMG_4345-600x600.jpg\" alt=\"Mise en carton et stockage\" \/><figcaption class=\"elementor-image-carousel-caption\">Mise en carton et stockage<\/figcaption><\/figure><\/div>\t\t\t<\/div>\n\t\t\t\t\t\t\t\t\t\t\t\t<div class=\"elementor-swiper-button elementor-swiper-button-prev\" role=\"button\" tabindex=\"0\">\n\t\t\t\t\t\t<i aria-hidden=\"true\" class=\"eicon-chevron-left\"><\/i>\t\t\t\t\t<\/div>\n\t\t\t\t\t<div class=\"elementor-swiper-button elementor-swiper-button-next\" role=\"button\" tabindex=\"0\">\n\t\t\t\t\t\t<i aria-hidden=\"true\" class=\"eicon-chevron-right\"><\/i>\t\t\t\t\t<\/div>\n\t\t\t\t\n\t\t\t\t\t\t\t\t\t<div class=\"swiper-pagination\"><\/div>\n\t\t\t\t\t\t\t\t\t<\/div>\n\t\t\t\t\t\t<\/div>\n\t\t\t\t<\/div>\n\t\t\t\t\t<\/div>\n\t\t<\/div>\n\t\t\t\t\t<\/div>\n\t\t<\/section>\n\t\t\t\t<\/div>\n\t\t","protected":false},"excerpt":{"rendered":"<p>Ajout de c\u00e9r\u00e9ales Ajout de c\u00e9r\u00e9ales Brassage Rin\u00e7age Transfert en cuve d&rsquo;\u00e9bullition On vide les dr\u00e8ches ! Remise en place apr\u00e8s nettoyage Ebullition Ebullition Fermentation Pr\u00e9c\u00e9dent Suivant EN MODE BRASSAGe L&rsquo;\u00e9tape cl\u00e9 de la fabrication !Ce moment o\u00f9 l&rsquo;eau de nos montagnes rencontre les c\u00e9r\u00e9ales.La chaleur de l&#8217;empatage nous permet d&rsquo;en extraire les sucres. Nous [&hellip;]<\/p>\n","protected":false},"author":1,"featured_media":0,"parent":0,"menu_order":0,"comment_status":"closed","ping_status":"closed","template":"","meta":{"footnotes":""},"class_list":["post-51","page","type-page","status-publish","hentry","entry","owp-thumbs-layout-horizontal","owp-btn-normal","owp-tabs-layout-horizontal","has-no-thumbnails","has-product-nav"],"yoast_head":"<!-- This site is optimized with the Yoast SEO plugin v27.5 - https:\/\/yoast.com\/product\/yoast-seo-wordpress\/ -->\n<title>Notre brasserie - Brasserie du criou<\/title>\n<meta name=\"robots\" content=\"index, follow, max-snippet:-1, max-image-preview:large, max-video-preview:-1\" \/>\n<link rel=\"canonical\" href=\"https:\/\/brasserieducriou.com\/index.php\/brasserie\/\" \/>\n<meta property=\"og:locale\" content=\"fr_FR\" \/>\n<meta property=\"og:type\" content=\"article\" \/>\n<meta property=\"og:title\" content=\"Notre brasserie - Brasserie du criou\" \/>\n<meta property=\"og:description\" content=\"Ajout de c\u00e9r\u00e9ales Ajout de c\u00e9r\u00e9ales Brassage Rin\u00e7age Transfert en cuve d&rsquo;\u00e9bullition On vide les dr\u00e8ches ! Remise en place apr\u00e8s nettoyage Ebullition Ebullition Fermentation Pr\u00e9c\u00e9dent Suivant EN MODE BRASSAGe L&rsquo;\u00e9tape cl\u00e9 de la fabrication !Ce moment o\u00f9 l&rsquo;eau de nos montagnes rencontre les c\u00e9r\u00e9ales.La chaleur de l&#8217;empatage nous permet d&rsquo;en extraire les sucres. Nous [&hellip;]\" \/>\n<meta property=\"og:url\" content=\"https:\/\/brasserieducriou.com\/index.php\/brasserie\/\" \/>\n<meta property=\"og:site_name\" content=\"Brasserie du criou\" \/>\n<meta property=\"article:publisher\" content=\"https:\/\/www.facebook.com\/brasserieducriou\" \/>\n<meta property=\"article:modified_time\" content=\"2023-02-28T06:17:14+00:00\" \/>\n<meta property=\"og:image\" content=\"http:\/\/idhstba.cluster029.hosting.ovh.net\/wp-content\/uploads\/2023\/02\/IMG_4409-600x600.jpg\" \/>\n<meta name=\"twitter:card\" content=\"summary_large_image\" \/>\n<meta name=\"twitter:label1\" content=\"Dur\u00e9e de lecture estim\u00e9e\" \/>\n\t<meta name=\"twitter:data1\" content=\"5 minutes\" \/>\n<script type=\"application\/ld+json\" class=\"yoast-schema-graph\">{\"@context\":\"https:\\\/\\\/schema.org\",\"@graph\":[{\"@type\":\"WebPage\",\"@id\":\"https:\\\/\\\/brasserieducriou.com\\\/index.php\\\/brasserie\\\/\",\"url\":\"https:\\\/\\\/brasserieducriou.com\\\/index.php\\\/brasserie\\\/\",\"name\":\"Notre brasserie - Brasserie du criou\",\"isPartOf\":{\"@id\":\"https:\\\/\\\/brasserieducriou.com\\\/#website\"},\"primaryImageOfPage\":{\"@id\":\"https:\\\/\\\/brasserieducriou.com\\\/index.php\\\/brasserie\\\/#primaryimage\"},\"image\":{\"@id\":\"https:\\\/\\\/brasserieducriou.com\\\/index.php\\\/brasserie\\\/#primaryimage\"},\"thumbnailUrl\":\"http:\\\/\\\/idhstba.cluster029.hosting.ovh.net\\\/wp-content\\\/uploads\\\/2023\\\/02\\\/IMG_4409-600x600.jpg\",\"datePublished\":\"2023-02-03T13:42:12+00:00\",\"dateModified\":\"2023-02-28T06:17:14+00:00\",\"breadcrumb\":{\"@id\":\"https:\\\/\\\/brasserieducriou.com\\\/index.php\\\/brasserie\\\/#breadcrumb\"},\"inLanguage\":\"fr-FR\",\"potentialAction\":[{\"@type\":\"ReadAction\",\"target\":[\"https:\\\/\\\/brasserieducriou.com\\\/index.php\\\/brasserie\\\/\"]}]},{\"@type\":\"ImageObject\",\"inLanguage\":\"fr-FR\",\"@id\":\"https:\\\/\\\/brasserieducriou.com\\\/index.php\\\/brasserie\\\/#primaryimage\",\"url\":\"http:\\\/\\\/idhstba.cluster029.hosting.ovh.net\\\/wp-content\\\/uploads\\\/2023\\\/02\\\/IMG_4409-600x600.jpg\",\"contentUrl\":\"http:\\\/\\\/idhstba.cluster029.hosting.ovh.net\\\/wp-content\\\/uploads\\\/2023\\\/02\\\/IMG_4409-600x600.jpg\"},{\"@type\":\"BreadcrumbList\",\"@id\":\"https:\\\/\\\/brasserieducriou.com\\\/index.php\\\/brasserie\\\/#breadcrumb\",\"itemListElement\":[{\"@type\":\"ListItem\",\"position\":1,\"name\":\"Accueil\",\"item\":\"https:\\\/\\\/brasserieducriou.com\\\/\"},{\"@type\":\"ListItem\",\"position\":2,\"name\":\"Notre brasserie\"}]},{\"@type\":\"WebSite\",\"@id\":\"https:\\\/\\\/brasserieducriou.com\\\/#website\",\"url\":\"https:\\\/\\\/brasserieducriou.com\\\/\",\"name\":\"Brasserieducriou.com\",\"description\":\"\",\"publisher\":{\"@id\":\"https:\\\/\\\/brasserieducriou.com\\\/#organization\"},\"potentialAction\":[{\"@type\":\"SearchAction\",\"target\":{\"@type\":\"EntryPoint\",\"urlTemplate\":\"https:\\\/\\\/brasserieducriou.com\\\/?s={search_term_string}\"},\"query-input\":{\"@type\":\"PropertyValueSpecification\",\"valueRequired\":true,\"valueName\":\"search_term_string\"}}],\"inLanguage\":\"fr-FR\"},{\"@type\":\"Organization\",\"@id\":\"https:\\\/\\\/brasserieducriou.com\\\/#organization\",\"name\":\"Brasserie du Criou\",\"url\":\"https:\\\/\\\/brasserieducriou.com\\\/\",\"logo\":{\"@type\":\"ImageObject\",\"inLanguage\":\"fr-FR\",\"@id\":\"https:\\\/\\\/brasserieducriou.com\\\/#\\\/schema\\\/logo\\\/image\\\/\",\"url\":\"http:\\\/\\\/idhstba.cluster029.hosting.ovh.net\\\/wp-content\\\/uploads\\\/2023\\\/01\\\/cropped-cropped-logo-BDC-carre-scaled-1.jpg\",\"contentUrl\":\"http:\\\/\\\/idhstba.cluster029.hosting.ovh.net\\\/wp-content\\\/uploads\\\/2023\\\/01\\\/cropped-cropped-logo-BDC-carre-scaled-1.jpg\",\"width\":2000,\"height\":1704,\"caption\":\"Brasserie du Criou\"},\"image\":{\"@id\":\"https:\\\/\\\/brasserieducriou.com\\\/#\\\/schema\\\/logo\\\/image\\\/\"},\"sameAs\":[\"https:\\\/\\\/www.facebook.com\\\/brasserieducriou\",\"https:\\\/\\\/www.instagram.com\\\/brasserieducriou\\\/?hl=fr\"]}]}<\/script>\n<!-- \/ Yoast SEO plugin. -->","yoast_head_json":{"title":"Notre brasserie - Brasserie du criou","robots":{"index":"index","follow":"follow","max-snippet":"max-snippet:-1","max-image-preview":"max-image-preview:large","max-video-preview":"max-video-preview:-1"},"canonical":"https:\/\/brasserieducriou.com\/index.php\/brasserie\/","og_locale":"fr_FR","og_type":"article","og_title":"Notre brasserie - Brasserie du criou","og_description":"Ajout de c\u00e9r\u00e9ales Ajout de c\u00e9r\u00e9ales Brassage Rin\u00e7age Transfert en cuve d&rsquo;\u00e9bullition On vide les dr\u00e8ches ! Remise en place apr\u00e8s nettoyage Ebullition Ebullition Fermentation Pr\u00e9c\u00e9dent Suivant EN MODE BRASSAGe L&rsquo;\u00e9tape cl\u00e9 de la fabrication !Ce moment o\u00f9 l&rsquo;eau de nos montagnes rencontre les c\u00e9r\u00e9ales.La chaleur de l&#8217;empatage nous permet d&rsquo;en extraire les sucres. Nous [&hellip;]","og_url":"https:\/\/brasserieducriou.com\/index.php\/brasserie\/","og_site_name":"Brasserie du criou","article_publisher":"https:\/\/www.facebook.com\/brasserieducriou","article_modified_time":"2023-02-28T06:17:14+00:00","og_image":[{"url":"http:\/\/idhstba.cluster029.hosting.ovh.net\/wp-content\/uploads\/2023\/02\/IMG_4409-600x600.jpg","type":"","width":"","height":""}],"twitter_card":"summary_large_image","twitter_misc":{"Dur\u00e9e de lecture estim\u00e9e":"5 minutes"},"schema":{"@context":"https:\/\/schema.org","@graph":[{"@type":"WebPage","@id":"https:\/\/brasserieducriou.com\/index.php\/brasserie\/","url":"https:\/\/brasserieducriou.com\/index.php\/brasserie\/","name":"Notre brasserie - Brasserie du criou","isPartOf":{"@id":"https:\/\/brasserieducriou.com\/#website"},"primaryImageOfPage":{"@id":"https:\/\/brasserieducriou.com\/index.php\/brasserie\/#primaryimage"},"image":{"@id":"https:\/\/brasserieducriou.com\/index.php\/brasserie\/#primaryimage"},"thumbnailUrl":"http:\/\/idhstba.cluster029.hosting.ovh.net\/wp-content\/uploads\/2023\/02\/IMG_4409-600x600.jpg","datePublished":"2023-02-03T13:42:12+00:00","dateModified":"2023-02-28T06:17:14+00:00","breadcrumb":{"@id":"https:\/\/brasserieducriou.com\/index.php\/brasserie\/#breadcrumb"},"inLanguage":"fr-FR","potentialAction":[{"@type":"ReadAction","target":["https:\/\/brasserieducriou.com\/index.php\/brasserie\/"]}]},{"@type":"ImageObject","inLanguage":"fr-FR","@id":"https:\/\/brasserieducriou.com\/index.php\/brasserie\/#primaryimage","url":"http:\/\/idhstba.cluster029.hosting.ovh.net\/wp-content\/uploads\/2023\/02\/IMG_4409-600x600.jpg","contentUrl":"http:\/\/idhstba.cluster029.hosting.ovh.net\/wp-content\/uploads\/2023\/02\/IMG_4409-600x600.jpg"},{"@type":"BreadcrumbList","@id":"https:\/\/brasserieducriou.com\/index.php\/brasserie\/#breadcrumb","itemListElement":[{"@type":"ListItem","position":1,"name":"Accueil","item":"https:\/\/brasserieducriou.com\/"},{"@type":"ListItem","position":2,"name":"Notre brasserie"}]},{"@type":"WebSite","@id":"https:\/\/brasserieducriou.com\/#website","url":"https:\/\/brasserieducriou.com\/","name":"Brasserieducriou.com","description":"","publisher":{"@id":"https:\/\/brasserieducriou.com\/#organization"},"potentialAction":[{"@type":"SearchAction","target":{"@type":"EntryPoint","urlTemplate":"https:\/\/brasserieducriou.com\/?s={search_term_string}"},"query-input":{"@type":"PropertyValueSpecification","valueRequired":true,"valueName":"search_term_string"}}],"inLanguage":"fr-FR"},{"@type":"Organization","@id":"https:\/\/brasserieducriou.com\/#organization","name":"Brasserie du Criou","url":"https:\/\/brasserieducriou.com\/","logo":{"@type":"ImageObject","inLanguage":"fr-FR","@id":"https:\/\/brasserieducriou.com\/#\/schema\/logo\/image\/","url":"http:\/\/idhstba.cluster029.hosting.ovh.net\/wp-content\/uploads\/2023\/01\/cropped-cropped-logo-BDC-carre-scaled-1.jpg","contentUrl":"http:\/\/idhstba.cluster029.hosting.ovh.net\/wp-content\/uploads\/2023\/01\/cropped-cropped-logo-BDC-carre-scaled-1.jpg","width":2000,"height":1704,"caption":"Brasserie du Criou"},"image":{"@id":"https:\/\/brasserieducriou.com\/#\/schema\/logo\/image\/"},"sameAs":["https:\/\/www.facebook.com\/brasserieducriou","https:\/\/www.instagram.com\/brasserieducriou\/?hl=fr"]}]}},"jetpack_sharing_enabled":true,"_links":{"self":[{"href":"https:\/\/brasserieducriou.com\/index.php\/wp-json\/wp\/v2\/pages\/51","targetHints":{"allow":["GET"]}}],"collection":[{"href":"https:\/\/brasserieducriou.com\/index.php\/wp-json\/wp\/v2\/pages"}],"about":[{"href":"https:\/\/brasserieducriou.com\/index.php\/wp-json\/wp\/v2\/types\/page"}],"author":[{"embeddable":true,"href":"https:\/\/brasserieducriou.com\/index.php\/wp-json\/wp\/v2\/users\/1"}],"replies":[{"embeddable":true,"href":"https:\/\/brasserieducriou.com\/index.php\/wp-json\/wp\/v2\/comments?post=51"}],"version-history":[{"count":14,"href":"https:\/\/brasserieducriou.com\/index.php\/wp-json\/wp\/v2\/pages\/51\/revisions"}],"predecessor-version":[{"id":452,"href":"https:\/\/brasserieducriou.com\/index.php\/wp-json\/wp\/v2\/pages\/51\/revisions\/452"}],"wp:attachment":[{"href":"https:\/\/brasserieducriou.com\/index.php\/wp-json\/wp\/v2\/media?parent=51"}],"curies":[{"name":"wp","href":"https:\/\/api.w.org\/{rel}","templated":true}]}}